{"id":10883,"date":"2014-10-11T14:58:50","date_gmt":"2014-10-11T14:58:50","guid":{"rendered":"http:\/\/avada.theme-fusion.com_demos\/portfolio\/?page_id=10883"},"modified":"2018-03-28T19:04:59","modified_gmt":"2018-03-28T19:04:59","slug":"about-us","status":"publish","type":"page","link":"https:\/\/www.peakmarketingdigital.com\/index.php\/about-us\/","title":{"rendered":"Nosotras"},"content":{"rendered":"<p><div class=\"fusion-fullwidth fullwidth-box nonhundred-percent-fullwidth non-hundred-percent-height-scrolling\"  style='background-color: rgba(255,255,255,0);background-position: left top;background-repeat: no-repeat;padding-top:20px;padding-right:0px;padding-bottom:70px;padding-left:0px;border-top-width:0px;border-bottom-width:0px;border-color:#eae9e9;border-top-style:solid;border-bottom-style:solid;'><div class=\"fusion-builder-row fusion-row \"><div  class=\"fusion-layout-column fusion_builder_column fusion_builder_column_1_1 fusion-builder-column-1 fusion-one-full fusion-column-first fusion-column-last fusion-column-no-min-height 1_1\"  style='margin-top:0px;margin-bottom:0px;'>\n\t\t\t\t\t<div class=\"fusion-column-wrapper\" style=\"background-position:left top;background-repeat:no-repeat;-webkit-background-size:cover;-moz-background-size:cover;-o-background-size:cover;background-size:cover;\"   data-bg-url=\"\">\n\t\t\t\t\t\t<div class=\"fusion-text\"><h1 style=\"text-align: center; color: #657f76;\">\u00a0Conocenos. SOMOS PEAK.<\/h1>\n<\/div><div class=\"fusion-sep-clear\"><\/div><div class=\"fusion-separator sep-single sep-solid\" style=\"border-color:#e0e0e0;border-top-width:1px;margin-left: auto;margin-right: auto;margin-top:5px;margin-bottom:55px;width:100%;max-width:200px;\"><\/div><div class=\"fusion-clearfix\"><\/div>\n\n\t\t\t\t\t<\/div>\n\t\t\t\t<\/div><div  class=\"fusion-layout-column fusion_builder_column fusion_builder_column_1_2 fusion-builder-column-2 fusion-one-half fusion-column-first 1_2\"  style='margin-top:0px;margin-bottom:20px;width:48%; margin-right: 4%;'>\n\t\t\t\t\t<div class=\"fusion-column-wrapper\" style=\"background-position:left top;background-repeat:no-repeat;-webkit-background-size:cover;-moz-background-size:cover;-o-background-size:cover;background-size:cover;\"   data-bg-url=\"\">\n\t\t\t\t\t\t<div class=\"fusion-person person fusion-person-left fusion-person-1 fusion-person-icon-top\"><div class=\"person-shortcode-image-wrapper\"><div class=\"person-image-container hover-type-none person-rounded-overflow\" style=\"-webkit-border-radius:5px;-moz-border-radius:5px;border-radius:5px;border:0px solid #f6f6f6;-webkit-border-radius:5px;-moz-border-radius:5px;border-radius:5px;\"><img decoding=\"async\" class=\"lazyload person-img img-responsive\" src=\"data:image\/gif;base64,R0lGODlhAQABAAAAACH5BAEKAAEALAAAAAABAAEAAAICTAEAOw==\" data-orig-src=\"http:\/\/www.peakmarketingdigital.com\/wp-content\/uploads\/2014\/10\/andre-580x388px-300x201.jpg\" alt=\"Andrea Ferraro\" \/><\/div><\/div><div class=\"person-desc\"><div class=\"person-author\"><div class=\"person-author-wrapper\"><span class=\"person-name\">Andrea Ferraro<\/span><span class=\"person-title\">Publicidad Online<\/span><\/div><div class=\"fusion-social-networks boxed-icons\"><div class=\"fusion-social-networks-wrapper\"><a class=\"fusion-social-network-icon fusion-tooltip fusion-facebook fusion-icon-facebook\" aria-label=\"fusion-facebook\" href=\"https:\/\/www.facebook.com\/peakmarketingdigital\/?pnref=lhc\" target=\"_blank\" rel=\"noopener noreferrer\" style=\"color:#bebdbd;background-color:#e8e8e8;border-color:#e8e8e8;border-radius:4px;font-size:16px;padding:8px;\" data-placement=\"top\" data-title=\"Facebook\" title=\"Facebook\" data-toggle=\"tooltip\"><\/a><a class=\"fusion-social-network-icon fusion-tooltip fusion-linkedin fusion-icon-linkedin\" aria-label=\"fusion-linkedin\" href=\"https:\/\/ar.linkedin.com\/in\/andreaferraro\" target=\"_blank\" rel=\"noopener noreferrer\" style=\"color:#bebdbd;background-color:#e8e8e8;border-color:#e8e8e8;border-radius:4px;font-size:16px;padding:8px;\" data-placement=\"top\" data-title=\"LinkedIn\" title=\"LinkedIn\" data-toggle=\"tooltip\"><\/a><\/div><\/div><\/div><div class=\"person-content fusion-clearfix\">Adoraci\u00f3n y fascinaci\u00f3n indiscutida por el trekking y el bushwalking. Especializada en gesti\u00f3n de Cuentas Online, Mobile Bussines y publicidad en medios digitales.<\/div><\/div><\/div><div class=\"fusion-sep-clear\"><\/div><div class=\"fusion-separator sep-none\" style=\"margin-left: auto;margin-right: auto;margin-top:10px;margin-bottom:10px;width:100%;max-width:200px;\"><\/div><div class=\"fusion-progressbar fusion-progressbar-text-on-bar\"><div style=\"background-color:#9ba1a8;height:37px;\" class=\"fusion-progressbar-bar progress-bar progress-striped active\"><div class=\"progress progress-bar-content\" style=\"width:0%;background-color:#657f76;border: 0px solid #ffffff;\" role=\"progressbar\" aria-valuemin=\"0\" aria-valuemax=\"100\" aria-valuenow=\"98\"><\/div><\/div> <span class=\"progress-title\" style=\"color:#ffffff;\"><span class=\"fusion-progressbar-text\">Estrategia comercial y publicidad<\/span> <span class=\"fusion-progressbar-value\">98%<\/span><\/span><\/div><div class=\"fusion-progressbar fusion-progressbar-text-on-bar\"><div style=\"background-color:#9ba1a8;height:37px;\" class=\"fusion-progressbar-bar progress-bar progress-striped active\"><div class=\"progress progress-bar-content\" style=\"width:0%;background-color:#657f76;border: 0px solid #ffffff;\" role=\"progressbar\" aria-valuemin=\"0\" aria-valuemax=\"100\" aria-valuenow=\"95\"><\/div><\/div> <span class=\"progress-title\" style=\"color:#ffffff;\"><span class=\"fusion-progressbar-text\">Google Adwords y Analytics<\/span> <span class=\"fusion-progressbar-value\">95%<\/span><\/span><\/div><div class=\"fusion-clearfix\"><\/div>\n\n\t\t\t\t\t<\/div>\n\t\t\t\t<\/div><div  class=\"fusion-layout-column fusion_builder_column fusion_builder_column_1_2 fusion-builder-column-3 fusion-one-half fusion-column-last 1_2\"  style='margin-top:0px;margin-bottom:20px;width:48%'>\n\t\t\t\t\t<div class=\"fusion-column-wrapper\" style=\"background-position:left top;background-repeat:no-repeat;-webkit-background-size:cover;-moz-background-size:cover;-o-background-size:cover;background-size:cover;\"   data-bg-url=\"\">\n\t\t\t\t\t\t<div class=\"fusion-person person fusion-person-left fusion-person-2 fusion-person-icon-top\"><div class=\"person-shortcode-image-wrapper\"><div class=\"person-image-container hover-type-none person-rounded-overflow\" style=\"-webkit-border-radius:5px;-moz-border-radius:5px;border-radius:5px;border:0px solid #f6f6f6;-webkit-border-radius:5px;-moz-border-radius:5px;border-radius:5px;\"><img decoding=\"async\" class=\"lazyload person-img img-responsive\" src=\"data:image\/gif;base64,R0lGODlhAQABAAAAACH5BAEKAAEALAAAAAABAAEAAAICTAEAOw==\" data-orig-src=\"http:\/\/www.peakmarketingdigital.com\/wp-content\/uploads\/2014\/10\/mery-580x388px-300x201.jpg\" alt=\"Mar\u00eda Tesolini Vincetic\" \/><\/div><\/div><div class=\"person-desc\"><div class=\"person-author\"><div class=\"person-author-wrapper\"><span class=\"person-name\">Mar\u00eda Tesolini Vincetic<\/span><span class=\"person-title\">Contenidos y Arte<\/span><\/div><div class=\"fusion-social-networks boxed-icons\"><div class=\"fusion-social-networks-wrapper\"><a class=\"fusion-social-network-icon fusion-tooltip fusion-facebook fusion-icon-facebook\" aria-label=\"fusion-facebook\" href=\"https:\/\/www.facebook.com\/peakmarketingdigital\/?pnref=lhc\" target=\"_blank\" rel=\"noopener noreferrer\" style=\"color:#bebdbd;background-color:#e8e8e8;border-color:#e8e8e8;border-radius:4px;font-size:16px;padding:8px;\" data-placement=\"top\" data-title=\"Facebook\" title=\"Facebook\" data-toggle=\"tooltip\"><\/a><a class=\"fusion-social-network-icon fusion-tooltip fusion-linkedin fusion-icon-linkedin\" aria-label=\"fusion-linkedin\" href=\"https:\/\/ar.linkedin.com\/in\/maria-tesolini-vincetic-97534ba3\" target=\"_blank\" rel=\"noopener noreferrer\" style=\"color:#bebdbd;background-color:#e8e8e8;border-color:#e8e8e8;border-radius:4px;font-size:16px;padding:8px;\" data-placement=\"top\" data-title=\"LinkedIn\" title=\"LinkedIn\" data-toggle=\"tooltip\"><\/a><\/div><\/div><\/div><div class=\"person-content fusion-clearfix\">Piloto de parapente. Viajera. Escritora amateur. Dise\u00f1adora gr\u00e1fica y directora de arte. Planifica y gestiona contenidos y estrategias de comunicaci\u00f3n en redes sociales.<\/div><\/div><\/div><div class=\"fusion-sep-clear\"><\/div><div class=\"fusion-separator sep-none\" style=\"margin-left: auto;margin-right: auto;margin-top:10px;margin-bottom:10px;width:100%;max-width:200px;\"><\/div><div class=\"fusion-progressbar fusion-progressbar-text-on-bar\"><div style=\"background-color:#9ba1a8;height:37px;\" class=\"fusion-progressbar-bar progress-bar progress-striped active\"><div class=\"progress progress-bar-content\" style=\"width:0%;background-color:#bc7225;border: 0px solid #ffffff;\" role=\"progressbar\" aria-valuemin=\"0\" aria-valuemax=\"100\" aria-valuenow=\"93\"><\/div><\/div> <span class=\"progress-title\" style=\"color:#ffffff;\"><span class=\"fusion-progressbar-text\">Comunicaci\u00f3n estrat\u00e9gica<\/span> <span class=\"fusion-progressbar-value\">93%<\/span><\/span><\/div><div class=\"fusion-progressbar fusion-progressbar-text-on-bar\"><div style=\"background-color:#9ba1a8;height:37px;\" class=\"fusion-progressbar-bar progress-bar progress-striped active\"><div class=\"progress progress-bar-content\" style=\"width:0%;background-color:#bc7225;border: 0px solid #ffffff;\" role=\"progressbar\" aria-valuemin=\"0\" aria-valuemax=\"100\" aria-valuenow=\"90\"><\/div><\/div> <span class=\"progress-title\" style=\"color:#ffffff;\"><span class=\"fusion-progressbar-text\">Direcci\u00f3n de Arte<\/span> <span class=\"fusion-progressbar-value\">90%<\/span><\/span><\/div><div class=\"fusion-clearfix\"><\/div>\n\n\t\t\t\t\t<\/div>\n\t\t\t\t<\/div><\/div><\/div><div class=\"fusion-fullwidth fullwidth-box nonhundred-percent-fullwidth non-hundred-percent-height-scrolling\"  style='background-color: rgba(255,255,255,0);background-position: left top;background-repeat: no-repeat;padding-top:0px;padding-right:0px;padding-bottom:10px;padding-left:0px;border-top-width:0px;border-bottom-width:0px;border-color:#eae9e9;border-top-style:solid;border-bottom-style:solid;'><div class=\"fusion-builder-row fusion-row \"><div  class=\"fusion-layout-column fusion_builder_column fusion_builder_column_1_1 fusion-builder-column-4 fusion-one-full fusion-column-first fusion-column-last fusion-column-no-min-height 1_1\"  style='margin-top:0px;margin-bottom:0px;'>\n\t\t\t\t\t<div class=\"fusion-column-wrapper\" style=\"background-position:left top;background-repeat:no-repeat;-webkit-background-size:cover;-moz-background-size:cover;-o-background-size:cover;background-size:cover;\"   data-bg-url=\"\">\n\t\t\t\t\t\t<div class=\"fusion-text\"><h2 style=\"text-align: center; color: #657f76;\">NUESTRO OBJETIVO ES QUE TU EMPRESA EVOLUCIONE.<\/h2>\n<\/div><div class=\"fusion-sep-clear\"><\/div><div class=\"fusion-separator sep-single sep-solid\" style=\"border-color:#e0e0e0;border-top-width:1px;margin-left: auto;margin-right: auto;margin-top:5px;margin-bottom:45px;width:100%;max-width:200px;\"><\/div><div class=\"imageframe-align-center\"><span style=\"-webkit-border-radius:5px;-moz-border-radius:5px;border-radius:5px;\" class=\"fusion-imageframe imageframe-none imageframe-1 hover-type-none sillones-vacios fusion-animated\" data-animationType=\"fadeInLeft\" data-animationDuration=\"1.0\" data-animationOffset=\"100%\"><img decoding=\"async\" loading=\"lazy\" src=\"https:\/\/www.peakmarketingdigital.com\/wp-content\/uploads\/2014\/10\/nosotras-2-850x379px.jpg\" data-orig-src=\"http:\/\/www.peakmarketingdigital.com\/wp-content\/uploads\/2014\/10\/nosotras-2-850x379px-300x134.jpg\" width=\"300\" height=\"134\" alt=\"\" title=\"nosotras-2-850x379px\" class=\"lazyload img-responsive wp-image-14043\" srcset=\"data:image\/svg+xml,%3Csvg%20xmlns%3D%27http%3A%2F%2Fwww.w3.org%2F2000%2Fsvg%27%20width%3D%27850%27%20height%3D%27379%27%20viewBox%3D%270%200%20850%20379%27%3E%3Crect%20width%3D%27850%27%20height%3D%273379%27%20fill-opacity%3D%220%22%2F%3E%3C%2Fsvg%3E\" data-srcset=\"https:\/\/www.peakmarketingdigital.com\/wp-content\/uploads\/2014\/10\/nosotras-2-850x379px-200x89.jpg 200w, https:\/\/www.peakmarketingdigital.com\/wp-content\/uploads\/2014\/10\/nosotras-2-850x379px-400x178.jpg 400w, https:\/\/www.peakmarketingdigital.com\/wp-content\/uploads\/2014\/10\/nosotras-2-850x379px-600x268.jpg 600w, https:\/\/www.peakmarketingdigital.com\/wp-content\/uploads\/2014\/10\/nosotras-2-850x379px-800x357.jpg 800w, https:\/\/www.peakmarketingdigital.com\/wp-content\/uploads\/2014\/10\/nosotras-2-850x379px.jpg 850w\" data-sizes=\"auto\" data-orig-sizes=\"(max-width: 700px) 100vw, 300px\" \/><\/span><\/div><div class=\"fusion-sep-clear\"><\/div><div class=\"fusion-separator fusion-full-width-sep sep-none\" style=\"margin-left: auto;margin-right: auto;margin-top:10px;margin-bottom:10px;\"><\/div><div class=\"fusion-text\"><p class=\"western\" lang=\"en-US\" style=\"text-align: center;\"><span style=\"font-size: large;\">Somos una dupla que trabaja en equipo. Contamos con un equipo de especialistas para cada \u00e1rea. Somos curiosas y nos gustan los desaf\u00edos.<br \/>\nNos complementamos\u00a0y entendemos de manera global los aspectos en permanente cambio de este medio de comunicaci\u00f3n que es internet. Provenimos del mundo de grandes empresas de medios y agencias de publicidad: Clar\u00edn, DiPaola, Microsoft, IMS Corporate entre otros. Pensamos, desarrollamos y gestionamos proyectos de comunicaci\u00f3n en Redes Sociales y en Google en funci\u00f3n del perfil y necesidad de cada empresa y emprendedor.<\/span><\/p>\n<\/div><div class=\"fusion-clearfix\"><\/div>\n\n\t\t\t\t\t<\/div>\n\t\t\t\t<\/div><\/div><\/div><div class=\"fusion-fullwidth fullwidth-box fusion-parallax-none nonhundred-percent-fullwidth non-hundred-percent-height-scrolling lazyload\"  style='background-color: rgba(255,255,255,0);background-position: left top;background-repeat: no-repeat;padding-top:100px;padding-right:0px;padding-bottom:100px;padding-left:0px;border-top-width:0px;border-bottom-width:0px;border-color:#eae9e9;border-top-style:solid;border-bottom-style:solid;-webkit-background-size:cover;-moz-background-size:cover;-o-background-size:cover;background-size:cover;' data-bg=\"http:\/\/www.peakmarketingdigital.com\/avada\/wp-content\/uploads\/2014\/10\/4-Nosotras-LlegaDondeQueresLlegar-300x188.jpg\"><div class=\"fusion-builder-row fusion-row \"><div  class=\"fusion-layout-column fusion_builder_column fusion_builder_column_1_1 fusion-builder-column-5 fusion-one-full fusion-column-first fusion-column-last fusion-column-no-min-height 1_1\"  style='margin-top:0px;margin-bottom:0px;'>\n\t\t\t\t\t<div class=\"fusion-column-wrapper\" style=\"background-position:left top;background-repeat:no-repeat;-webkit-background-size:cover;-moz-background-size:cover;-o-background-size:cover;background-size:cover;\"   data-bg-url=\"\">\n\t\t\t\t\t\t<div class=\"fusion-text\"><h1 style=\"text-align: center;\"><span style=\"color: #ffffff;\">\u00a0\u00a1Lleg\u00e1 a donde quer\u00e9s llegar!<\/span><\/h1>\n<p style=\"font-size: 18px; margin-top: -20px; text-align: center;\"><span style=\"color: #ffffff;\">Nosotras te ayudamos a potenciar tu marca<br \/>\n<\/span><\/p>\n<\/div><div class=\"fusion-sep-clear\"><\/div><div class=\"fusion-separator fusion-full-width-sep sep-none\" style=\"margin-left: auto;margin-right: auto;margin-top:9px;margin-bottom:9px;\"><\/div><div class=\"fusion-button-wrapper fusion-aligncenter\"><style type=\"text\/css\">.fusion-button.button-1 .fusion-button-text, .fusion-button.button-1 i {color:#657f76;}.fusion-button.button-1 .fusion-button-icon-divider{border-color:#657f76;}.fusion-button.button-1:hover .fusion-button-text, .fusion-button.button-1:hover i,.fusion-button.button-1:focus .fusion-button-text, .fusion-button.button-1:focus i,.fusion-button.button-1:active .fusion-button-text, .fusion-button.button-1:active{color:#ffffff;}.fusion-button.button-1:hover .fusion-button-icon-divider, .fusion-button.button-1:hover .fusion-button-icon-divider, .fusion-button.button-1:active .fusion-button-icon-divider{border-color:#ffffff;}.fusion-button.button-1:hover, .fusion-button.button-1:focus, .fusion-button.button-1:active{border-color:#ffffff;border-width:1px;}.fusion-button.button-1 {border-color:#657f76;border-width:1px;}.fusion-button.button-1{background: #ffffff;}.fusion-button.button-1:hover,.button-1:focus,.fusion-button.button-1:active{background: #657f76;}<\/style><a class=\"fusion-button button-flat fusion-button-round button-xlarge button-custom button-1 fusion-button-default-span \" target=\"_self\" href=\"#\" data-toggle=\"modal\" data-target=\".fusion-modal.contact\"><span class=\"fusion-button-text\">CONTACTANOS<\/span><\/a><\/div><div class=\"fusion-clearfix\"><\/div>\n\n\t\t\t\t\t<\/div>\n\t\t\t\t<\/div><\/div><\/div><div class=\"fusion-fullwidth fullwidth-box hundred-percent-fullwidth non-hundred-percent-height-scrolling\"  style='background-color: rgba(255,255,255,0);background-position: center center;background-repeat: no-repeat;padding-top:0px;padding-right:30px;padding-bottom:0px;padding-left:30px;'><div class=\"fusion-builder-row fusion-row \"><div  class=\"fusion-layout-column fusion_builder_column fusion_builder_column_1_1 fusion-builder-column-6 fusion-one-full fusion-column-first fusion-column-last fusion-column-no-min-height 1_1\"  style='margin-top:0px;margin-bottom:0px;'>\n\t\t\t\t\t<div class=\"fusion-column-wrapper\" style=\"background-position:left top;background-repeat:no-repeat;-webkit-background-size:cover;-moz-background-size:cover;-o-background-size:cover;background-size:cover;\"   data-bg-url=\"\">\n\t\t\t\t\t\t<div class=\"fusion-modal modal fade modal-1 contact\" tabindex=\"-1\" role=\"dialog\" aria-labelledby=\"modal-heading-1\" aria-hidden=\"true\"><style type=\"text\/css\">.modal-1 .modal-header, .modal-1 .modal-footer{border-color:#ebebeb;}<\/style><div class=\"modal-dialog modal-lg\"><div class=\"modal-content fusion-modal-content\" style=\"background-color:#ffffff\"><div class=\"modal-header\"><button class=\"close\" type=\"button\" data-dismiss=\"modal\" aria-hidden=\"true\">&times;<\/button><h3 class=\"modal-title\" id=\"modal-heading-1\" data-dismiss=\"modal\" aria-hidden=\"true\">\u00a1Queremos conocerte!<\/h3><\/div><div class=\"modal-body fusion-clearfix\"><div class=\"fusion-builder-row fusion-builder-row-inner fusion-row \"><div  class=\"fusion-layout-column fusion_builder_column fusion_builder_column_2_5  fusion-two-fifth fusion-column-first 2_5\"  style='margin-top: 0px;margin-bottom: 20px;width:40%;width:calc(40% - ( ( 4% ) * 0.4 ) );margin-right:4%;'><div class=\"fusion-column-wrapper\" style=\"padding: 0px 0px 0px 0px;background-position:left top;background-repeat:no-repeat;-webkit-background-size:cover;-moz-background-size:cover;-o-background-size:cover;background-size:cover;\"  data-bg-url=\"\">\n<div class=\"fusion-sep-clear\"><\/div><div class=\"fusion-separator fusion-full-width-sep sep-none\" style=\"margin-left: auto;margin-right: auto;margin-top:10px;margin-bottom:0px;\"><\/div>\n<span class=\"fusion-imageframe imageframe-none imageframe-2 hover-type-none\"><\/span><div class=\"fusion-text\"><p><a href=\"http:\/\/www.peakmarketingdigital.com\/avada\/wp-content\/uploads\/2016\/08\/cropped-LogoPEAK-250x93px.png\"><img decoding=\"async\" loading=\"lazy\" class=\"lazyload alignleft size-full wp-image-13261\" src=\"http:\/\/www.peakmarketingdigital.com\/avada\/wp-content\/uploads\/2016\/08\/cropped-LogoPEAK-250x93px.png\" data-orig-src=\"http:\/\/www.peakmarketingdigital.com\/avada\/wp-content\/uploads\/2016\/08\/cropped-LogoPEAK-250x93px.png\" alt=\"cropped-LogoPEAK-250x93px.png\" width=\"250\" height=\"93\" srcset=\"data:image\/svg+xml,%3Csvg%20xmlns%3D%27http%3A%2F%2Fwww.w3.org%2F2000%2Fsvg%27%20width%3D%27250%27%20height%3D%2793%27%20viewBox%3D%270%200%20250%2093%27%3E%3Crect%20width%3D%27250%27%20height%3D%27393%27%20fill-opacity%3D%220%22%2F%3E%3C%2Fsvg%3E\" data-srcset=\"https:\/\/www.peakmarketingdigital.com\/wp-content\/uploads\/2016\/08\/cropped-LogoPEAK-250x93px-200x74.png 200w, https:\/\/www.peakmarketingdigital.com\/wp-content\/uploads\/2016\/08\/cropped-LogoPEAK-250x93px.png 250w\" data-sizes=\"auto\" data-orig-sizes=\"(max-width: 250px) 100vw, 250px\" \/><\/a><\/p>\n<\/div><div class=\"fusion-sep-clear\"><\/div><div class=\"fusion-separator fusion-full-width-sep sep-none\" style=\"margin-left: auto;margin-right: auto;margin-top:5px;margin-bottom:5px;\"><\/div><div class=\"fusion-text\"><p>Buscamos relaciones comerciales a largo plazo. Por eso mantenemos una relaci\u00f3n fluida con\u00a0nuestros clientes mediante email, tel\u00e9fono y reuniones presenciales o por skype con el fin de afianzar las relaciones y desarrollar las estrategias de marketing en conjunto.\u00a0Escribinos si pensas que podemos ayudarte. \u00a1Queremos conocerte!<\/p>\n<p class=\"western\" lang=\"en-US\"><strong><span lang=\"es-ES\">Andrea Ferraro<\/span><\/strong><span lang=\"es-AR\">:<\/span><\/p>\n<p class=\"western\" lang=\"en-US\"><a href=\"mailto:af@peakmarketingdigital.com\"><span lang=\"es-ES\">af@peakmarketingdigital.com<\/span><\/a><\/p>\n<p class=\"western\" lang=\"en-US\"><span lang=\"es-ES\"><strong>Celular<\/strong>: 0249 15 4487540<\/span><\/p>\n<p class=\"western\" lang=\"en-US\"><strong><span lang=\"es-ES\">Maria Tesolini Vincetic<\/span><span lang=\"es-AR\">:<\/span><\/strong><\/p>\n<p class=\"western\" lang=\"en-US\"><a href=\"mailto:mtv@peakmarketingdigital.com\"><span lang=\"es-ES\">mtv@peakmarketingdigital.com<\/span><\/a><\/p>\n<p class=\"western\" lang=\"en-US\"><span lang=\"es-ES\"><strong>Celular:<\/strong> 54911 3173 6650<\/span><\/p>\n<\/div>\n<\/div><\/div>\n<div  class=\"fusion-layout-column fusion_builder_column fusion_builder_column_3_5  fusion-three-fifth fusion-column-last 3_5\"  style='margin-top: 0px;margin-bottom: 20px;width:60%;width:calc(60% - ( ( 4% ) * 0.6 ) );'><div class=\"fusion-column-wrapper\" style=\"padding: 0px 0px 0px 0px;background-position:left top;background-repeat:no-repeat;-webkit-background-size:cover;-moz-background-size:cover;-o-background-size:cover;background-size:cover;\"  data-bg-url=\"\">\n<div class=\"fusion-text\">\n<div class=\"wpcf7 no-js\" id=\"wpcf7-f13014-o1\" lang=\"en-US\" dir=\"ltr\">\n<div class=\"screen-reader-response\"><p role=\"status\" aria-live=\"polite\" aria-atomic=\"true\"><\/p> <ul><\/ul><\/div>\n<form action=\"\/index.php\/wp-json\/wp\/v2\/pages\/10883#wpcf7-f13014-o1\" method=\"post\" class=\"wpcf7-form init\" aria-label=\"Contact form\" novalidate=\"novalidate\" data-status=\"init\">\n<div style=\"display: none;\">\n<input type=\"hidden\" name=\"_wpcf7\" value=\"13014\" \/>\n<input type=\"hidden\" name=\"_wpcf7_version\" value=\"5.7.7\" \/>\n<input type=\"hidden\" name=\"_wpcf7_locale\" value=\"en_US\" \/>\n<input type=\"hidden\" name=\"_wpcf7_unit_tag\" value=\"wpcf7-f13014-o1\" \/>\n<input type=\"hidden\" name=\"_wpcf7_container_post\" value=\"0\" \/>\n<input type=\"hidden\" name=\"_wpcf7_posted_data_hash\" value=\"\" \/>\n<\/div>\n<p>Nombre y Apellido (requerido)\n<\/p>\n<p><span class=\"wpcf7-form-control-wrap\" data-name=\"your-name\"><input size=\"40\" class=\"wpcf7-form-control wpcf7-text wpcf7-validates-as-required\" aria-required=\"true\" aria-invalid=\"false\" value=\"\" type=\"text\" name=\"your-name\" \/><\/span>\n<\/p>\n<p>Email (requerido)\n<\/p>\n<p><span class=\"wpcf7-form-control-wrap\" data-name=\"your-email\"><input size=\"40\" class=\"wpcf7-form-control wpcf7-text wpcf7-email wpcf7-validates-as-required wpcf7-validates-as-email\" aria-required=\"true\" aria-invalid=\"false\" value=\"\" type=\"email\" name=\"your-email\" \/><\/span>\n<\/p>\n<p>Website\n<\/p>\n<p><span class=\"wpcf7-form-control-wrap\" data-name=\"website\"><input size=\"40\" class=\"wpcf7-form-control wpcf7-text wpcf7-url wpcf7-validates-as-url\" aria-invalid=\"false\" value=\"\" type=\"url\" name=\"website\" \/><\/span>\n<\/p>\n<p>Asunto\n<\/p>\n<p><span class=\"wpcf7-form-control-wrap\" data-name=\"your-subject\"><input size=\"40\" class=\"wpcf7-form-control wpcf7-text\" aria-invalid=\"false\" value=\"\" type=\"text\" name=\"your-subject\" \/><\/span>\n<\/p>\n<p>Mensaje\n<\/p>\n<p><span class=\"wpcf7-form-control-wrap\" data-name=\"your-message\"><textarea cols=\"40\" rows=\"10\" class=\"wpcf7-form-control wpcf7-textarea\" aria-invalid=\"false\" name=\"your-message\"><\/textarea><\/span>\n<\/p>\n<p><span id=\"wpcf7-69e05c4162865-wrapper\" class=\"wpcf7-form-control-wrap honeypot-291-wrap\" ><label for=\"honeypot2\" class=\"hp-message\">Please leave this field empty.<\/label><input id=\"honeypot2\"  class=\"wpcf7-form-control wpcf7-text\" type=\"text\" name=\"honeypot-291\" value=\"\" size=\"40\" tabindex=\"-1\" autocomplete=\"new-password\" \/><\/span>\n<\/p>\n<p><input class=\"wpcf7-form-control has-spinner wpcf7-submit\" type=\"submit\" value=\"Enviar\" \/>\n<\/p><p style=\"display: none !important;\" class=\"akismet-fields-container\" data-prefix=\"_wpcf7_ak_\"><label>&#916;<textarea name=\"_wpcf7_ak_hp_textarea\" cols=\"45\" rows=\"8\" maxlength=\"100\"><\/textarea><\/label><input type=\"hidden\" id=\"ak_js_1\" name=\"_wpcf7_ak_js\" value=\"136\"\/><script>document.getElementById( \"ak_js_1\" ).setAttribute( \"value\", ( new Date() ).getTime() );<\/script><\/p><div class=\"fusion-alert alert custom alert-custom fusion-alert-center wpcf7-response-output fusion-alert-capitalize alert-dismissable\" style=\"border-width:1px;\"><button style=\"color:;border-color:;\" type=\"button\" class=\"close toggle-alert\" data-dismiss=\"alert\" aria-hidden=\"true\">&times;<\/button><div class=\"fusion-alert-content-wrapper\"><span class=\"fusion-alert-content\"><\/span><\/div><\/div>\n<\/form>\n<\/div>\n\n<\/div>\n<\/div><\/div><\/div><\/div><\/div><\/div><\/div><div class=\"fusion-clearfix\"><\/div>\n\n\t\t\t\t\t<\/div>\n\t\t\t\t<\/div><\/div><\/div><\/p>\n","protected":false},"excerpt":{"rendered":"","protected":false},"author":1,"featured_media":0,"parent":0,"menu_order":0,"comment_status":"open","ping_status":"open","template":"100-width.php","meta":[],"_links":{"self":[{"href":"https:\/\/www.peakmarketingdigital.com\/index.php\/wp-json\/wp\/v2\/pages\/10883"}],"collection":[{"href":"https:\/\/www.peakmarketingdigital.com\/index.php\/wp-json\/wp\/v2\/pages"}],"about":[{"href":"https:\/\/www.peakmarketingdigital.com\/index.php\/wp-json\/wp\/v2\/types\/page"}],"author":[{"embeddable":true,"href":"https:\/\/www.peakmarketingdigital.com\/index.php\/wp-json\/wp\/v2\/users\/1"}],"replies":[{"embeddable":true,"href":"https:\/\/www.peakmarketingdigital.com\/index.php\/wp-json\/wp\/v2\/comments?post=10883"}],"version-history":[{"count":0,"href":"https:\/\/www.peakmarketingdigital.com\/index.php\/wp-json\/wp\/v2\/pages\/10883\/revisions"}],"wp:attachment":[{"href":"https:\/\/www.peakmarketingdigital.com\/index.php\/wp-json\/wp\/v2\/media?parent=10883"}],"curies":[{"name":"wp","href":"https:\/\/api.w.org\/{rel}","templated":true}]}}